{"id":28227,"date":"2025-05-28T16:03:14","date_gmt":"2025-05-28T16:03:14","guid":{"rendered":"https:\/\/treufood.com\/iade-ve-geri-odeme-politikasi\/"},"modified":"2025-08-03T12:11:08","modified_gmt":"2025-08-03T12:11:08","slug":"rueckgabe-und-rueckerstattungsrichtlinie","status":"publish","type":"page","link":"https:\/\/treufood.com\/de\/rueckgabe-und-rueckerstattungsrichtlinie\/","title":{"rendered":"R\u00fcckgabe &#8211; und R\u00fcckerstattungsrichtlinie"},"content":{"rendered":"\n<p>Sie k\u00f6nnen Ihre gekauften Artikel innerhalb von <strong>14 Tagen<\/strong> ab Lieferdatum zur\u00fccksenden.<br>Zur\u00fcckzusendende Produkte:<\/p>\n\n\n\n<ul class=\"wp-block-list\">\n<li>Ausgepackt,<\/li>\n\n\n\n<li>Unverbraucht,<\/li>\n\n\n\n<li>Es darf nicht besch\u00e4digt werden.<\/li>\n<\/ul>\n\n\n\n<p><strong>R\u00fccksendeadresse:<br><\/strong>Furka-Unternehmen<br>Kurt-Tucholsky Str 2<br>63069 Offenbach am Main, Deutschland<\/p>\n\n\n\n<p><strong>Ausnahmen f\u00fcr Lebensmittel:<\/strong><br>Ge\u00f6ffnete oder verderbliche Lebensmittel sind von der Erstattung ausgeschlossen.<\/p>\n\n\n\n<p>Nach der R\u00fcckerstattung wird Ihre Geb\u00fchr innerhalb von <strong>14 Tagen<\/strong> mit Ihrer Zahlungsmethode zur\u00fcckerstattet.<\/p>\n\n\n\n<p><\/p>\n","protected":false},"excerpt":{"rendered":"<p>Sie k\u00f6nnen Ihre gekauften Artikel innerhalb von 14 Tagen ab Lieferdatum zur\u00fccksenden.Zur\u00fcckzusendende Produkte: R\u00fccksendeadresse:Furka-UnternehmenKurt-Tucholsky Str 263069 Offenbach am Main, Deutschland<\/p>\n","protected":false},"author":1,"featured_media":0,"parent":0,"menu_order":0,"comment_status":"closed","ping_status":"closed","template":"","meta":{"footnotes":""},"class_list":["post-28227","page","type-page","status-publish","hentry"],"_links":{"self":[{"href":"https:\/\/treufood.com\/de\/wp-json\/wp\/v2\/pages\/28227","targetHints":{"allow":["GET"]}}],"collection":[{"href":"https:\/\/treufood.com\/de\/wp-json\/wp\/v2\/pages"}],"about":[{"href":"https:\/\/treufood.com\/de\/wp-json\/wp\/v2\/types\/page"}],"author":[{"embeddable":true,"href":"https:\/\/treufood.com\/de\/wp-json\/wp\/v2\/users\/1"}],"replies":[{"embeddable":true,"href":"https:\/\/treufood.com\/de\/wp-json\/wp\/v2\/comments?post=28227"}],"version-history":[{"count":0,"href":"https:\/\/treufood.com\/de\/wp-json\/wp\/v2\/pages\/28227\/revisions"}],"wp:attachment":[{"href":"https:\/\/treufood.com\/de\/wp-json\/wp\/v2\/media?parent=28227"}],"curies":[{"name":"wp","href":"https:\/\/api.w.org\/{rel}","templated":true}]}}