{"id":28382,"date":"2025-09-29T16:45:51","date_gmt":"2025-09-29T16:45:51","guid":{"rendered":"https:\/\/treufood.com\/?post_type=product&#038;p=28382"},"modified":"2026-02-16T18:03:35","modified_gmt":"2026-02-16T18:03:35","slug":"baklavalik-ic-fistik-iran-dan","status":"publish","type":"product","link":"https:\/\/treufood.com\/de\/produkt\/baklavalik-ic-fistik-iran-dan\/","title":{"rendered":"Baklaval\u0131k \u0130\u00e7 F\u0131st\u0131k \u0130ran&#8216; dan"},"content":{"rendered":"<p><strong>T\u00fcr:<\/strong> \u0130ran Baklaval\u0131k i\u00e7 f\u0131st\u0131k<br \/>\n<strong>Ambalaj:<\/strong> 10 kg l\u0131k vakumlu po\u015fetlerde<br \/>\n<strong>Fiyat:<\/strong> 23,00 \u20ac\/kg Toptan<\/p>\n","protected":false},"excerpt":{"rendered":"<p><strong>T\u00fcr:<\/strong>\u00a0\u0130ran Baklaval\u0131k i\u00e7 f\u0131st\u0131k<br \/>\n<strong>Ambalaj:<\/strong>\u00a010 kg l\u0131k vakumlu po\u015fetlerde<br \/>\n<strong>Fiyat:<\/strong> 23,00 \u20ac\/kg Toptan<\/p>\n","protected":false},"featured_media":28386,"comment_status":"open","ping_status":"closed","template":"","meta":[],"product_brand":[107],"product_cat":[16],"product_tag":[110,26,109,108],"class_list":{"0":"post-28382","1":"product","2":"type-product","3":"status-publish","4":"has-post-thumbnail","6":"product_brand-genel","7":"product_cat-kuruyemis","8":"product_tag-baklava","9":"product_tag-fistik","10":"product_tag-iran","11":"product_tag-kuruyemis","13":"first","14":"instock","15":"shipping-taxable","16":"purchasable","17":"product-type-variable","18":"has-default-attributes"},"_links":{"self":[{"href":"https:\/\/treufood.com\/de\/wp-json\/wp\/v2\/product\/28382","targetHints":{"allow":["GET"]}}],"collection":[{"href":"https:\/\/treufood.com\/de\/wp-json\/wp\/v2\/product"}],"about":[{"href":"https:\/\/treufood.com\/de\/wp-json\/wp\/v2\/types\/product"}],"replies":[{"embeddable":true,"href":"https:\/\/treufood.com\/de\/wp-json\/wp\/v2\/comments?post=28382"}],"wp:featuredmedia":[{"embeddable":true,"href":"https:\/\/treufood.com\/de\/wp-json\/wp\/v2\/media\/28386"}],"wp:attachment":[{"href":"https:\/\/treufood.com\/de\/wp-json\/wp\/v2\/media?parent=28382"}],"wp:term":[{"taxonomy":"product_brand","embeddable":true,"href":"https:\/\/treufood.com\/de\/wp-json\/wp\/v2\/product_brand?post=28382"},{"taxonomy":"product_cat","embeddable":true,"href":"https:\/\/treufood.com\/de\/wp-json\/wp\/v2\/product_cat?post=28382"},{"taxonomy":"product_tag","embeddable":true,"href":"https:\/\/treufood.com\/de\/wp-json\/wp\/v2\/product_tag?post=28382"}],"curies":[{"name":"wp","href":"https:\/\/api.w.org\/{rel}","templated":true}]}}