{"id":28430,"date":"2026-01-27T18:52:22","date_gmt":"2026-01-27T18:52:22","guid":{"rendered":"https:\/\/treufood.com\/?post_type=product&#038;p=28430"},"modified":"2026-02-16T14:32:09","modified_gmt":"2026-02-16T14:32:09","slug":"boz-1-iran-ic-fistigi","status":"publish","type":"product","link":"https:\/\/treufood.com\/de\/produkt\/boz-1-iran-ic-fistigi\/","title":{"rendered":"Boz 1 \u0130ran \u0130\u00e7 F\u0131st\u0131\u011f\u0131"},"content":{"rendered":"<p>\u0130ran men\u015feli kaliteli i\u00e7 f\u0131st\u0131k t\u0131r<br \/>\n32,50 Kg l\u0131k ambalajlardad\u0131r<br \/>\n1 Ton ve \u00dczeri Al\u0131mlarda Almanya i\u00e7in \u00fccretsiz teslimat yapabiliyoruz<\/p>\n","protected":false},"excerpt":{"rendered":"<p>\u0130ran men\u015feli kaliteli i\u00e7 f\u0131st\u0131k t\u0131r<br \/>\n1 Ton ve \u00dczeri Al\u0131mlarda Almanya i\u00e7in \u00fccretsiz teslimat yapabiliyoruz<\/p>\n","protected":false},"featured_media":28431,"comment_status":"open","ping_status":"closed","template":"","meta":[],"product_brand":[],"product_cat":[16],"product_tag":[146,26,145,109],"class_list":{"0":"post-28430","1":"product","2":"type-product","3":"status-publish","4":"has-post-thumbnail","6":"product_cat-kuruyemis","7":"product_tag-baklavalik","8":"product_tag-fistik","9":"product_tag-ic-fistik","10":"product_tag-iran","12":"first","13":"instock","14":"shipping-taxable","15":"product-type-simple"},"_links":{"self":[{"href":"https:\/\/treufood.com\/de\/wp-json\/wp\/v2\/product\/28430","targetHints":{"allow":["GET"]}}],"collection":[{"href":"https:\/\/treufood.com\/de\/wp-json\/wp\/v2\/product"}],"about":[{"href":"https:\/\/treufood.com\/de\/wp-json\/wp\/v2\/types\/product"}],"replies":[{"embeddable":true,"href":"https:\/\/treufood.com\/de\/wp-json\/wp\/v2\/comments?post=28430"}],"wp:featuredmedia":[{"embeddable":true,"href":"https:\/\/treufood.com\/de\/wp-json\/wp\/v2\/media\/28431"}],"wp:attachment":[{"href":"https:\/\/treufood.com\/de\/wp-json\/wp\/v2\/media?parent=28430"}],"wp:term":[{"taxonomy":"product_brand","embeddable":true,"href":"https:\/\/treufood.com\/de\/wp-json\/wp\/v2\/product_brand?post=28430"},{"taxonomy":"product_cat","embeddable":true,"href":"https:\/\/treufood.com\/de\/wp-json\/wp\/v2\/product_cat?post=28430"},{"taxonomy":"product_tag","embeddable":true,"href":"https:\/\/treufood.com\/de\/wp-json\/wp\/v2\/product_tag?post=28430"}],"curies":[{"name":"wp","href":"https:\/\/api.w.org\/{rel}","templated":true}]}}