{"id":28444,"date":"2026-02-15T23:36:10","date_gmt":"2026-02-15T23:36:10","guid":{"rendered":"https:\/\/treufood.com\/?post_type=product&#038;p=28444"},"modified":"2026-02-15T23:39:48","modified_gmt":"2026-02-15T23:39:48","slug":"normal-ic-fistik","status":"publish","type":"product","link":"https:\/\/treufood.com\/de\/produkt\/normal-ic-fistik\/","title":{"rendered":"Normal \u0130\u00e7 F\u0131st\u0131k"},"content":{"rendered":"<p>Bademi : 21,00 Kg l\u0131k ambalajlarda<br \/>\n1 Ton ve \u00dczeri Al\u0131mlarda Almanya i\u00e7in \u00fccretsiz teslimat yapabiliyoruz<\/p>\n","protected":false},"excerpt":{"rendered":"<p>Bademi : 21,00 Kg l\u0131k ambalajlarda<br \/>\n1 Ton ve \u00dczeri Al\u0131mlarda Almanya i\u00e7in \u00fccretsiz teslimat yapabiliyoruz<\/p>\n","protected":false},"featured_media":28445,"comment_status":"open","ping_status":"closed","template":"","meta":[],"product_brand":[],"product_cat":[16],"product_tag":[146,147,26,145,109],"class_list":{"0":"post-28444","1":"product","2":"type-product","3":"status-publish","4":"has-post-thumbnail","6":"product_cat-kuruyemis","7":"product_tag-baklavalik","8":"product_tag-findiki","9":"product_tag-fistik","10":"product_tag-ic-fistik","11":"product_tag-iran","13":"first","14":"instock","15":"shipping-taxable","16":"product-type-simple"},"_links":{"self":[{"href":"https:\/\/treufood.com\/de\/wp-json\/wp\/v2\/product\/28444","targetHints":{"allow":["GET"]}}],"collection":[{"href":"https:\/\/treufood.com\/de\/wp-json\/wp\/v2\/product"}],"about":[{"href":"https:\/\/treufood.com\/de\/wp-json\/wp\/v2\/types\/product"}],"replies":[{"embeddable":true,"href":"https:\/\/treufood.com\/de\/wp-json\/wp\/v2\/comments?post=28444"}],"wp:featuredmedia":[{"embeddable":true,"href":"https:\/\/treufood.com\/de\/wp-json\/wp\/v2\/media\/28445"}],"wp:attachment":[{"href":"https:\/\/treufood.com\/de\/wp-json\/wp\/v2\/media?parent=28444"}],"wp:term":[{"taxonomy":"product_brand","embeddable":true,"href":"https:\/\/treufood.com\/de\/wp-json\/wp\/v2\/product_brand?post=28444"},{"taxonomy":"product_cat","embeddable":true,"href":"https:\/\/treufood.com\/de\/wp-json\/wp\/v2\/product_cat?post=28444"},{"taxonomy":"product_tag","embeddable":true,"href":"https:\/\/treufood.com\/de\/wp-json\/wp\/v2\/product_tag?post=28444"}],"curies":[{"name":"wp","href":"https:\/\/api.w.org\/{rel}","templated":true}]}}