{"id":28449,"date":"2026-02-16T19:00:22","date_gmt":"2026-02-16T19:00:22","guid":{"rendered":"https:\/\/treufood.com\/?post_type=product&#038;p=28449"},"modified":"2026-02-16T20:51:45","modified_gmt":"2026-02-16T20:51:45","slug":"ustam-baklava-yag-18-kg","status":"publish","type":"product","link":"https:\/\/treufood.com\/de\/produkt\/ustam-baklava-yag-18-kg\/","title":{"rendered":"Ustam Baklava Ya\u011f 18 Kg"},"content":{"rendered":"<p>T\u00fcm \u015ferbetli tatl\u0131 \u00e7e\u015fitleri i\u00e7in uygun, su ya da s\u00fct i\u00e7ermeyen %100 bitkisel ya\u011f\u0131d\u0131r. Tatl\u0131lar\u0131n\u0131za istenilen kabar\u0131kl\u0131\u011f\u0131, alt\u0131n rengini verirken uzun sure tazeli\u011fini korumas\u0131n\u0131 sa\u011flar.<\/p>\n<h3>Ustam Baklava<\/h3>\n<ul>\n<li>Baklava \u00fcretimi i\u00e7in \u00f6zel olarak geli\u015ftirilmi\u015f sade ya\u011f (s\u00fct ya\u011f\u0131)k\u0131vam ve aromas\u0131ndad\u0131r.<\/li>\n<li>Kolay erime \u00f6zelli\u011fi ile hamur katmanlar\u0131n\u0131n aras\u0131na da\u011f\u0131larak ideal kabarmay\u0131 sa\u011flar.<\/li>\n<li>Baklavaya alt\u0131n sar\u0131s\u0131 renk, parlakl\u0131k ve tereya\u011f lezzeti katar.<\/li>\n<li>18 lt teneke ambalaj\u0131yla depolama ve saklama kolayl\u0131\u011f\u0131 sa\u011flar.<\/li>\n<li>Trans ya\u011f i\u00e7ermez.<\/li>\n<\/ul>\n","protected":false},"excerpt":{"rendered":"<p>T\u00fcm \u015ferbetli tatl\u0131 \u00e7e\u015fitleri i\u00e7in uygun, su ya da s\u00fct i\u00e7ermeyen %100 bitkisel ya\u011f\u0131d\u0131r. Tatl\u0131lar\u0131n\u0131za istenilen kabar\u0131kl\u0131\u011f\u0131, alt\u0131n rengini verirken uzun sure tazeli\u011fini korumas\u0131n\u0131 sa\u011flar.<\/p>\n<h3>Ustam Baklava<\/h3>\n<ul>\n<li>Baklava \u00fcretimi i\u00e7in \u00f6zel olarak geli\u015ftirilmi\u015f sade ya\u011f (s\u00fct ya\u011f\u0131)k\u0131vam ve aromas\u0131ndad\u0131r.<\/li>\n<li>Kolay erime \u00f6zelli\u011fi ile hamur katmanlar\u0131n\u0131n aras\u0131na da\u011f\u0131larak ideal kabarmay\u0131 sa\u011flar.<\/li>\n<li>Baklavaya alt\u0131n sar\u0131s\u0131 renk, parlakl\u0131k ve tereya\u011f lezzeti katar.<\/li>\n<li>18 lt teneke ambalaj\u0131yla depolama ve saklama kolayl\u0131\u011f\u0131 sa\u011flar.<\/li>\n<li>Trans ya\u011f i\u00e7ermez.<\/li>\n<\/ul>\n","protected":false},"featured_media":28455,"comment_status":"open","ping_status":"closed","template":"","meta":[],"product_brand":[149],"product_cat":[148],"product_tag":[110,150,151],"class_list":{"0":"post-28449","1":"product","2":"type-product","3":"status-publish","4":"has-post-thumbnail","6":"product_brand-ustam","7":"product_cat-yaglar","8":"product_tag-baklava","9":"product_tag-ustam","10":"product_tag-yag","12":"first","13":"instock","14":"shipping-taxable","15":"product-type-simple"},"_links":{"self":[{"href":"https:\/\/treufood.com\/de\/wp-json\/wp\/v2\/product\/28449","targetHints":{"allow":["GET"]}}],"collection":[{"href":"https:\/\/treufood.com\/de\/wp-json\/wp\/v2\/product"}],"about":[{"href":"https:\/\/treufood.com\/de\/wp-json\/wp\/v2\/types\/product"}],"replies":[{"embeddable":true,"href":"https:\/\/treufood.com\/de\/wp-json\/wp\/v2\/comments?post=28449"}],"wp:featuredmedia":[{"embeddable":true,"href":"https:\/\/treufood.com\/de\/wp-json\/wp\/v2\/media\/28455"}],"wp:attachment":[{"href":"https:\/\/treufood.com\/de\/wp-json\/wp\/v2\/media?parent=28449"}],"wp:term":[{"taxonomy":"product_brand","embeddable":true,"href":"https:\/\/treufood.com\/de\/wp-json\/wp\/v2\/product_brand?post=28449"},{"taxonomy":"product_cat","embeddable":true,"href":"https:\/\/treufood.com\/de\/wp-json\/wp\/v2\/product_cat?post=28449"},{"taxonomy":"product_tag","embeddable":true,"href":"https:\/\/treufood.com\/de\/wp-json\/wp\/v2\/product_tag?post=28449"}],"curies":[{"name":"wp","href":"https:\/\/api.w.org\/{rel}","templated":true}]}}