{"id":28456,"date":"2026-02-16T21:12:22","date_gmt":"2026-02-16T21:12:22","guid":{"rendered":"https:\/\/treufood.com\/?post_type=product&#038;p=28456"},"modified":"2026-02-16T21:12:22","modified_gmt":"2026-02-16T21:12:22","slug":"ustam-baklava-yag-20-kg-koli","status":"publish","type":"product","link":"https:\/\/treufood.com\/de\/produkt\/ustam-baklava-yag-20-kg-koli\/","title":{"rendered":"Ustam Baklava Ya\u011f 20 kg koli"},"content":{"rendered":"<h3>Ustam Baklava 20 kg koli<\/h3>\n<ul>\n<li>Baklava \u00fcretimi i\u00e7in \u00f6zel olarak geli\u015ftirilmi\u015f sade ya\u011f (s\u00fct ya\u011f\u0131)k\u0131vam ve aromas\u0131ndad\u0131r.<\/li>\n<li>Kolay erime \u00f6zelli\u011fi ile hamur katmanlar\u0131n\u0131n aras\u0131na da\u011f\u0131larak ideal kabarmay\u0131 sa\u011flar.<\/li>\n<li>Baklavaya alt\u0131n sar\u0131s\u0131 renk, parlakl\u0131k ve tereya\u011f lezzeti katar.<\/li>\n<li>Trans ya\u011f i\u00e7ermez.<\/li>\n<li>G\u0131daya uygun naylon torba i\u00e7 ambalaj\u0131 ve 20 kg\u2019l\u0131k mukavva koli (Ustam Baklava 20 kg koli i\u00e7in)<\/li>\n<\/ul>\n","protected":false},"excerpt":{"rendered":"<h3>Ustam Baklava 20 kg koli<\/h3>\n<ul>\n<li>Baklava \u00fcretimi i\u00e7in \u00f6zel olarak geli\u015ftirilmi\u015f sade ya\u011f (s\u00fct ya\u011f\u0131)k\u0131vam ve aromas\u0131ndad\u0131r.<\/li>\n<li>Kolay erime \u00f6zelli\u011fi ile hamur katmanlar\u0131n\u0131n aras\u0131na da\u011f\u0131larak ideal kabarmay\u0131 sa\u011flar.<\/li>\n<li>Baklavaya alt\u0131n sar\u0131s\u0131 renk, parlakl\u0131k ve tereya\u011f lezzeti katar.<\/li>\n<li>Trans ya\u011f i\u00e7ermez.<\/li>\n<li>G\u0131daya uygun naylon torba i\u00e7 ambalaj\u0131 ve 20 kg\u2019l\u0131k mukavva koli (Ustam Baklava 20 kg koli i\u00e7in)<\/li>\n<\/ul>\n","protected":false},"featured_media":28457,"comment_status":"open","ping_status":"closed","template":"","meta":[],"product_brand":[149],"product_cat":[148],"product_tag":[110,146,150,151],"class_list":{"0":"post-28456","1":"product","2":"type-product","3":"status-publish","4":"has-post-thumbnail","6":"product_brand-ustam","7":"product_cat-yaglar","8":"product_tag-baklava","9":"product_tag-baklavalik","10":"product_tag-ustam","11":"product_tag-yag","13":"first","14":"instock","15":"shipping-taxable","16":"product-type-simple"},"_links":{"self":[{"href":"https:\/\/treufood.com\/de\/wp-json\/wp\/v2\/product\/28456","targetHints":{"allow":["GET"]}}],"collection":[{"href":"https:\/\/treufood.com\/de\/wp-json\/wp\/v2\/product"}],"about":[{"href":"https:\/\/treufood.com\/de\/wp-json\/wp\/v2\/types\/product"}],"replies":[{"embeddable":true,"href":"https:\/\/treufood.com\/de\/wp-json\/wp\/v2\/comments?post=28456"}],"wp:featuredmedia":[{"embeddable":true,"href":"https:\/\/treufood.com\/de\/wp-json\/wp\/v2\/media\/28457"}],"wp:attachment":[{"href":"https:\/\/treufood.com\/de\/wp-json\/wp\/v2\/media?parent=28456"}],"wp:term":[{"taxonomy":"product_brand","embeddable":true,"href":"https:\/\/treufood.com\/de\/wp-json\/wp\/v2\/product_brand?post=28456"},{"taxonomy":"product_cat","embeddable":true,"href":"https:\/\/treufood.com\/de\/wp-json\/wp\/v2\/product_cat?post=28456"},{"taxonomy":"product_tag","embeddable":true,"href":"https:\/\/treufood.com\/de\/wp-json\/wp\/v2\/product_tag?post=28456"}],"curies":[{"name":"wp","href":"https:\/\/api.w.org\/{rel}","templated":true}]}}