{"id":28538,"date":"2026-05-04T04:07:06","date_gmt":"2026-05-04T01:07:06","guid":{"rendered":"https:\/\/treufood.com\/?post_type=product&#038;p=28538"},"modified":"2026-05-04T04:13:48","modified_gmt":"2026-05-04T01:13:48","slug":"iran-fistigi-3","status":"publish","type":"product","link":"https:\/\/treufood.com\/de\/produkt\/iran-fistigi-3\/","title":{"rendered":"Iran F\u0131st\u0131\u011f\u0131"},"content":{"rendered":"<p>\u0130ran F\u0131st\u0131\u011f\u0131<br \/>\nMinimum Sipari\u015f :\u00a0 1 Ton<br \/>\nTeslimat: Almanya, Hollanda, Bel\u00e7ika \u00fccretsiz teslimat<\/p>\n","protected":false},"excerpt":{"rendered":"<p>\u0130ran F\u0131st\u0131\u011f\u0131<br \/>\nMinimum Sipari\u015f :\u00a0 1 Ton<br \/>\nTeslimat: Almanya, Hollanda, Bel\u00e7ika \u00fccretsiz teslimat<\/p>\n","protected":false},"featured_media":28539,"comment_status":"open","ping_status":"closed","template":"","meta":[],"product_brand":[],"product_cat":[16],"product_tag":[159,146,165,26,158,164,145,108,25],"class_list":{"0":"post-28538","1":"product","2":"type-product","3":"status-publish","4":"has-post-thumbnail","6":"product_cat-kuruyemis","7":"product_tag-almanya","8":"product_tag-baklavalik","9":"product_tag-belcika","10":"product_tag-fistik","11":"product_tag-gida","12":"product_tag-hollanda","13":"product_tag-ic-fistik","14":"product_tag-kuruyemis","15":"product_tag-treufood","17":"first","18":"instock","19":"shipping-taxable","20":"product-type-simple"},"_links":{"self":[{"href":"https:\/\/treufood.com\/de\/wp-json\/wp\/v2\/product\/28538","targetHints":{"allow":["GET"]}}],"collection":[{"href":"https:\/\/treufood.com\/de\/wp-json\/wp\/v2\/product"}],"about":[{"href":"https:\/\/treufood.com\/de\/wp-json\/wp\/v2\/types\/product"}],"replies":[{"embeddable":true,"href":"https:\/\/treufood.com\/de\/wp-json\/wp\/v2\/comments?post=28538"}],"wp:featuredmedia":[{"embeddable":true,"href":"https:\/\/treufood.com\/de\/wp-json\/wp\/v2\/media\/28539"}],"wp:attachment":[{"href":"https:\/\/treufood.com\/de\/wp-json\/wp\/v2\/media?parent=28538"}],"wp:term":[{"taxonomy":"product_brand","embeddable":true,"href":"https:\/\/treufood.com\/de\/wp-json\/wp\/v2\/product_brand?post=28538"},{"taxonomy":"product_cat","embeddable":true,"href":"https:\/\/treufood.com\/de\/wp-json\/wp\/v2\/product_cat?post=28538"},{"taxonomy":"product_tag","embeddable":true,"href":"https:\/\/treufood.com\/de\/wp-json\/wp\/v2\/product_tag?post=28538"}],"curies":[{"name":"wp","href":"https:\/\/api.w.org\/{rel}","templated":true}]}}