{"id":28277,"date":"2025-05-29T15:03:13","date_gmt":"2025-05-29T15:03:13","guid":{"rendered":"https:\/\/treufood.com\/iletisim\/"},"modified":"2025-08-03T12:02:15","modified_gmt":"2025-08-03T12:02:15","slug":"contact","status":"publish","type":"page","link":"https:\/\/treufood.com\/en\/contact\/","title":{"rendered":"Contact"},"content":{"rendered":"\t\t<div data-elementor-type=\"wp-page\" data-elementor-id=\"28277\" class=\"elementor elementor-28277 elementor-27889\">\n\t\t\t\t<div class=\"elementor-element elementor-element-e287914 e-con-full e-flex e-con e-parent\" data-id=\"e287914\" data-element_type=\"container\" data-e-type=\"container\">\n\t\t<div class=\"elementor-element elementor-element-eecc84a e-con-full e-flex e-con e-child\" data-id=\"eecc84a\" data-element_type=\"container\" data-e-type=\"container\">\n\t\t\t\t<div class=\"elementor-element elementor-element-71e7336 elementor-widget elementor-widget-image\" data-id=\"71e7336\" data-element_type=\"widget\" data-e-type=\"widget\" data-widget_type=\"image.default\">\n\t\t\t\t\t\t\t\t\t\t\t\t\t\t\t<img loading=\"lazy\" decoding=\"async\" width=\"400\" height=\"85\" src=\"https:\/\/treufood.com\/wp-content\/themes\/woodmart\/images\/lazy.svg\" class=\"attachment-large size-large wp-image-28159 wd-lazy-fade\" alt=\"\" srcset=\"\" sizes=\"auto, (max-width: 400px) 100vw, 400px\" data-src=\"https:\/\/treufood.com\/wp-content\/uploads\/2025\/01\/TREU-FOOD-logo-2.png\" data-srcset=\"https:\/\/treufood.com\/wp-content\/uploads\/2025\/01\/TREU-FOOD-logo-2.png 400w, https:\/\/treufood.com\/wp-content\/uploads\/2025\/01\/TREU-FOOD-logo-2-150x32.png 150w, https:\/\/treufood.com\/wp-content\/uploads\/2025\/01\/TREU-FOOD-logo-2-300x64.png 300w\" \/>\t\t\t\t\t\t\t\t\t\t\t\t\t\t\t<\/div>\n\t\t\t\t<div class=\"elementor-element elementor-element-a03e34b color-scheme-inherit text-left elementor-widget elementor-widget-text-editor\" data-id=\"a03e34b\" data-element_type=\"widget\" data-e-type=\"widget\" data-widget_type=\"text-editor.default\">\n\t\t\t\t\t\t\t\t\t<p class=\"\" data-start=\"3673\" data-end=\"3741\">Bizimle ileti\u015fime ge\u00e7mek i\u00e7in a\u015fa\u011f\u0131daki kanallar\u0131 kullanabilirsiniz:<\/p><p class=\"\" data-start=\"3743\" data-end=\"3840\">\ud83d\udccd <strong data-start=\"3746\" data-end=\"3756\">Adres:<br \/><\/strong>Furka Company<br \/>Kurt-Tucholsky Str 2<br \/>63069 Offenbach am Main<\/p><p class=\"\" data-start=\"3842\" data-end=\"3911\">\ud83d\udcde <strong data-start=\"3845\" data-end=\"3857\">Telefon:<\/strong> +49 163 3908113<br data-start=\"3873\" data-end=\"3876\" \/>\ud83d\udce7 <strong data-start=\"3879\" data-end=\"3891\">E-posta:<\/strong> <a class=\"cursor-pointer\" rel=\"noopener\" data-start=\"3892\" data-end=\"3911\">support@treufood.eu<\/a><\/p><p class=\"\" data-start=\"3913\" data-end=\"3979\">Alternatif olarak \u0130leti\u015fim Formunu da kullanabilirsiniz.<\/p>\t\t\t\t\t\t\t\t<\/div>\n\t\t\t\t<\/div>\n\t\t<div class=\"elementor-element elementor-element-e72815d e-con-full e-flex e-con e-child\" data-id=\"e72815d\" data-element_type=\"container\" data-e-type=\"container\">\n\t\t\t\t<div class=\"elementor-element elementor-element-48317ba elementor-widget elementor-widget-heading\" data-id=\"48317ba\" data-element_type=\"widget\" data-e-type=\"widget\" data-widget_type=\"heading.default\">\n\t\t\t\t\t<h2 class=\"elementor-heading-title elementor-size-default\">\u0130leti\u015fim Formu<\/h2>\t\t\t\t<\/div>\n\t\t\t\t<div class=\"elementor-element elementor-element-ab9fd49 elementor-widget elementor-widget-form\" data-id=\"ab9fd49\" data-element_type=\"widget\" data-e-type=\"widget\" data-widget_type=\"form.default\">\n\t\t\t\t<div class=\"elementor-widget-container\">\n\t\t\t\t\t \t\t\t\t<\/div>\n\t\t\t\t<\/div>\n\t\t\t\t<\/div>\n\t\t\t\t<\/div>\n\t\t\t\t<\/div>\n\t\t","protected":false},"excerpt":{"rendered":"<p>Bizimle ileti\u015fime ge\u00e7mek i\u00e7in a\u015fa\u011f\u0131daki kanallar\u0131 kullanabilirsiniz: \ud83d\udccd Adres:Furka CompanyKurt-Tucholsky Str 263069 Offenbach am Main \ud83d\udcde Telefon: +49 163 3908113\ud83d\udce7<\/p>\n","protected":false},"author":1,"featured_media":0,"parent":0,"menu_order":0,"comment_status":"closed","ping_status":"closed","template":"elementor_header_footer","meta":{"footnotes":""},"class_list":["post-28277","page","type-page","status-publish","hentry"],"_links":{"self":[{"href":"https:\/\/treufood.com\/en\/wp-json\/wp\/v2\/pages\/28277","targetHints":{"allow":["GET"]}}],"collection":[{"href":"https:\/\/treufood.com\/en\/wp-json\/wp\/v2\/pages"}],"about":[{"href":"https:\/\/treufood.com\/en\/wp-json\/wp\/v2\/types\/page"}],"author":[{"embeddable":true,"href":"https:\/\/treufood.com\/en\/wp-json\/wp\/v2\/users\/1"}],"replies":[{"embeddable":true,"href":"https:\/\/treufood.com\/en\/wp-json\/wp\/v2\/comments?post=28277"}],"version-history":[{"count":0,"href":"https:\/\/treufood.com\/en\/wp-json\/wp\/v2\/pages\/28277\/revisions"}],"wp:attachment":[{"href":"https:\/\/treufood.com\/en\/wp-json\/wp\/v2\/media?parent=28277"}],"curies":[{"name":"wp","href":"https:\/\/api.w.org\/{rel}","templated":true}]}}