{"id":28441,"date":"2026-02-15T23:29:53","date_gmt":"2026-02-15T23:29:53","guid":{"rendered":"https:\/\/treufood.com\/?post_type=product&#038;p=28441"},"modified":"2026-03-05T17:34:57","modified_gmt":"2026-03-05T14:34:57","slug":"bademi-ic-fistik","status":"publish","type":"product","link":"https:\/\/treufood.com\/en\/urun\/bademi-ic-fistik\/","title":{"rendered":"Bademi \u0130\u00e7 F\u0131st\u0131k"},"content":{"rendered":"<p>Bademi : 22,00 Kg l\u0131k ambalajlarda<br \/>\n1 Ton ve \u00dczeri Al\u0131mlarda Almanya i\u00e7in \u00fccretsiz teslimat yapabiliyoruz<\/p>\n","protected":false},"excerpt":{"rendered":"<p>Bademi : 22,00 Kg l\u0131k ambalajlarda<br \/>\n1 Ton ve \u00dczeri Al\u0131mlarda Almanya i\u00e7in \u00fccretsiz teslimat yapabiliyoruz<\/p>\n","protected":false},"featured_media":28447,"comment_status":"open","ping_status":"closed","template":"","meta":[],"product_brand":[],"product_cat":[16],"product_tag":[146,26,145,109],"class_list":{"0":"post-28441","1":"product","2":"type-product","3":"status-publish","4":"has-post-thumbnail","6":"product_cat-kuruyemis","7":"product_tag-baklavalik","8":"product_tag-fistik","9":"product_tag-ic-fistik","10":"product_tag-iran","12":"first","13":"instock","14":"shipping-taxable","15":"product-type-simple"},"_links":{"self":[{"href":"https:\/\/treufood.com\/en\/wp-json\/wp\/v2\/product\/28441","targetHints":{"allow":["GET"]}}],"collection":[{"href":"https:\/\/treufood.com\/en\/wp-json\/wp\/v2\/product"}],"about":[{"href":"https:\/\/treufood.com\/en\/wp-json\/wp\/v2\/types\/product"}],"replies":[{"embeddable":true,"href":"https:\/\/treufood.com\/en\/wp-json\/wp\/v2\/comments?post=28441"}],"wp:featuredmedia":[{"embeddable":true,"href":"https:\/\/treufood.com\/en\/wp-json\/wp\/v2\/media\/28447"}],"wp:attachment":[{"href":"https:\/\/treufood.com\/en\/wp-json\/wp\/v2\/media?parent=28441"}],"wp:term":[{"taxonomy":"product_brand","embeddable":true,"href":"https:\/\/treufood.com\/en\/wp-json\/wp\/v2\/product_brand?post=28441"},{"taxonomy":"product_cat","embeddable":true,"href":"https:\/\/treufood.com\/en\/wp-json\/wp\/v2\/product_cat?post=28441"},{"taxonomy":"product_tag","embeddable":true,"href":"https:\/\/treufood.com\/en\/wp-json\/wp\/v2\/product_tag?post=28441"}],"curies":[{"name":"wp","href":"https:\/\/api.w.org\/{rel}","templated":true}]}}